{"id":62,"date":"2014-08-29T21:46:27","date_gmt":"2014-08-29T19:46:27","guid":{"rendered":"http:\/\/www.gartenstadtgaerten.ch\/?page_id=62"},"modified":"2025-08-29T16:15:55","modified_gmt":"2025-08-29T16:15:55","slug":"gemeinschaftsgarten-mattenbach","status":"publish","type":"page","link":"https:\/\/gartenstadtgaerten.ch\/?page_id=62","title":{"rendered":"Biologischer Gemeinschaftsgarten Mattenbach"},"content":{"rendered":"<div>\n<p><span style=\"font-size: inherit;\"><img loading=\"lazy\" decoding=\"async\" class=\"wp-image-470 aligncenter\" src=\"https:\/\/gartenstadtgaerten.ch\/wp-content\/uploads\/2020\/11\/Gartenernte-1024x768.jpeg\" alt=\"\" width=\"391\" height=\"293\" srcset=\"https:\/\/gartenstadtgaerten.ch\/wp-content\/uploads\/2020\/11\/Gartenernte-1024x768.jpeg 1024w, https:\/\/gartenstadtgaerten.ch\/wp-content\/uploads\/2020\/11\/Gartenernte-300x225.jpeg 300w, https:\/\/gartenstadtgaerten.ch\/wp-content\/uploads\/2020\/11\/Gartenernte-768x576.jpeg 768w, https:\/\/gartenstadtgaerten.ch\/wp-content\/uploads\/2020\/11\/Gartenernte-1536x1152.jpeg 1536w, https:\/\/gartenstadtgaerten.ch\/wp-content\/uploads\/2020\/11\/Gartenernte.jpeg 2048w\" sizes=\"auto, (max-width: 391px) 100vw, 391px\" \/><\/span><\/p>\n<p><span style=\"font-size: inherit;\">Hast du gerne frisches Gem\u00fcse, von dem du wei\u00dft, woher es kommt? W\u00e4rst du froh, wenn du dir die Arbeit mit Anderen teilen k\u00f6nntest? M\u00f6chtest du deinen Kindern zeigen, wie aus Samen eine essbare Pflanze wird und wie gut Erdbeeren direkt ab der Pflanze schmecken? Dann komm einfach vorbei und erfahre, wie es bei uns zu und hergeht!<\/span><\/p>\n<\/div>\n<div>\n<p>Viele fragen uns wie ein Gemeinschaftsgarten funktioniert:<br \/>\nBei uns bestellt nicht jedes Mitglied sein eigenes Beet, sondern alle k\u00fcmmern sich gemeinsam um die Kulturen. \u00dcblicherweise halten wir daher an jedem ersten Samstag im Monat eine kurze Sitzung im Garten ab. Dabei besprechen wir die grossen Aufgaben und Themen des kommenden Monates und f\u00e4llen gemeinsame Entscheidungen. F\u00fcr die kleineren Aufgaben f\u00fchren wir eine Liste, wobei man beim G\u00e4rtnern w\u00e4hlen kann, welche Aufgabe einem gerade am meisten zusagt.<\/p>\n<p>Jeden Samstag treffen wir uns ab 10.00 Uhr zum gemeinschaftlichen G\u00e4rtnern. Im Sommer jeweils auch am Mittwoch ab 18 Uhr.<\/p>\n<\/div>\n<p>Wo genau:<\/p>\n<p><iframe loading=\"lazy\" style=\"border: 0;\" src=\"https:\/\/www.google.com\/maps\/embed?pb=!1m18!1m12!1m3!1d5680.79183048597!2d8.749215581096516!3d47.49084523459589!2m3!1f0!2f0!3f0!3m2!1i1024!2i768!4f13.1!3m3!1m2!1s0x479a99ea6f26233d%3A0xdc9002bb39623e4b!2sGemeinschaftsgarten+Mattenbach!5e1!3m2!1sde!2sch!4v1496680950316\" width=\"600\" height=\"450\" frameborder=\"0\" allowfullscreen=\"allowfullscreen\"><\/iframe><\/p>\n<p>H\u00f6rnlistrasse ganz nach hinten fahren, vor Rechtskurve (Sackgasse mit dem Auto!) links abbiegen und nochmals links ins P\u00fcntenareal eintreten.<br \/>\nDie grosse P\u00fcnt auf der linken Seite des Weges nach dem HEKS Fl\u00fcchtlingsgarten ist unsere.<\/p>\n<p>Kontakt: mattenbach@gartenstadtgaerten.ch<\/p>\n<p><img loading=\"lazy\" decoding=\"async\" class=\"alignnone size-large wp-image-416\" src=\"https:\/\/gartenstadtgaerten.ch\/wp-content\/uploads\/2020\/06\/20190921_Blumenpracht-1024x765.jpg\" alt=\"\" width=\"1024\" height=\"765\" srcset=\"https:\/\/gartenstadtgaerten.ch\/wp-content\/uploads\/2020\/06\/20190921_Blumenpracht-1024x765.jpg 1024w, https:\/\/gartenstadtgaerten.ch\/wp-content\/uploads\/2020\/06\/20190921_Blumenpracht-300x224.jpg 300w, https:\/\/gartenstadtgaerten.ch\/wp-content\/uploads\/2020\/06\/20190921_Blumenpracht-768x574.jpg 768w, https:\/\/gartenstadtgaerten.ch\/wp-content\/uploads\/2020\/06\/20190921_Blumenpracht-1536x1147.jpg 1536w, https:\/\/gartenstadtgaerten.ch\/wp-content\/uploads\/2020\/06\/20190921_Blumenpracht-2048x1530.jpg 2048w\" sizes=\"auto, (max-width: 1024px) 100vw, 1024px\" \/><\/p>\n","protected":false},"excerpt":{"rendered":"<p>Hast du gerne frisches Gem\u00fcse, von dem du wei\u00dft, woher es kommt? W\u00e4rst du froh, wenn du dir die Arbeit mit Anderen teilen k\u00f6nntest? M\u00f6chtest du deinen Kindern zeigen, wie aus Samen eine essbare Pflanze wird und wie gut Erdbeeren direkt ab der Pflanze schmecken? Dann komm einfach vorbei und erfahre, wie es bei uns &hellip; <a href=\"https:\/\/gartenstadtgaerten.ch\/?page_id=62\" class=\"more-link\"><span class=\"screen-reader-text\">Biologischer Gemeinschaftsgarten Mattenbach<\/span> weiterlesen <span class=\"meta-nav\">&rarr;<\/span><\/a><\/p>\n","protected":false},"author":1,"featured_media":0,"parent":0,"menu_order":3,"comment_status":"closed","ping_status":"open","template":"","meta":{"footnotes":""},"class_list":["post-62","page","type-page","status-publish","hentry"],"_links":{"self":[{"href":"https:\/\/gartenstadtgaerten.ch\/index.php?rest_route=\/wp\/v2\/pages\/62","targetHints":{"allow":["GET"]}}],"collection":[{"href":"https:\/\/gartenstadtgaerten.ch\/index.php?rest_route=\/wp\/v2\/pages"}],"about":[{"href":"https:\/\/gartenstadtgaerten.ch\/index.php?rest_route=\/wp\/v2\/types\/page"}],"author":[{"embeddable":true,"href":"https:\/\/gartenstadtgaerten.ch\/index.php?rest_route=\/wp\/v2\/users\/1"}],"replies":[{"embeddable":true,"href":"https:\/\/gartenstadtgaerten.ch\/index.php?rest_route=%2Fwp%2Fv2%2Fcomments&post=62"}],"version-history":[{"count":10,"href":"https:\/\/gartenstadtgaerten.ch\/index.php?rest_route=\/wp\/v2\/pages\/62\/revisions"}],"predecessor-version":[{"id":862,"href":"https:\/\/gartenstadtgaerten.ch\/index.php?rest_route=\/wp\/v2\/pages\/62\/revisions\/862"}],"wp:attachment":[{"href":"https:\/\/gartenstadtgaerten.ch\/index.php?rest_route=%2Fwp%2Fv2%2Fmedia&parent=62"}],"curies":[{"name":"wp","href":"https:\/\/api.w.org\/{rel}","templated":true}]}}