{"id":401,"date":"2020-06-05T11:18:14","date_gmt":"2020-06-05T11:18:14","guid":{"rendered":"https:\/\/gartenstadtgaerten.ch\/?page_id=401"},"modified":"2021-12-07T18:31:33","modified_gmt":"2021-12-07T18:31:33","slug":"spenden","status":"publish","type":"page","link":"https:\/\/gartenstadtgaerten.ch\/?page_id=401","title":{"rendered":"Spenden"},"content":{"rendered":"\n<p>M\u00f6chtest du den Garten unterst\u00fctzen mittels einer G\u00f6nnerschaft oder passiven Mitgliedschaft, weil du unsere Sache gut findest aber keine Zeit hast oder nicht in der N\u00e4he wohnst?<\/p>\n\n\n\n<p>Die passive Mitgliedschaft w\u00e4re eine j\u00e4hrliche Spende, die G\u00f6nnerschaft hingegen eine einmalige Spende.<\/p>\n\n\n\n<p>Unsere Kontoinformationen sind:<\/p>\n\n\n\n<p>Verein gartenstadtg\u00e4rten<br>IBAN CH34 0839 0032 3447 1000 7,<br>Konto Nummer 46-110-7<br>Alternative Bank<\/p>\n\n\n\n<p>Der Verein Gartenstadtg\u00e4rten wird von der <a href=\"https:\/\/stadt.winterthur.ch\/gemeinde\/verwaltung\/kulturelles-und-dienste\/stadtentwicklung\/fachstelle-quartierentwicklung\" data-type=\"URL\" data-id=\"https:\/\/stadt.winterthur.ch\/gemeinde\/verwaltung\/kulturelles-und-dienste\/stadtentwicklung\/fachstelle-quartierentwicklung\">Winterthurer Fachstelle f\u00fcr Quartierentwicklung<\/a> unterst\u00fctzt.<br><\/p>\n","protected":false},"excerpt":{"rendered":"<p>M\u00f6chtest du den Garten unterst\u00fctzen mittels einer G\u00f6nnerschaft oder passiven Mitgliedschaft, weil du unsere Sache gut findest aber keine Zeit hast oder nicht in der N\u00e4he wohnst? Die passive Mitgliedschaft w\u00e4re eine j\u00e4hrliche Spende, die G\u00f6nnerschaft hingegen eine einmalige Spende. Unsere Kontoinformationen sind: Verein gartenstadtg\u00e4rtenIBAN CH34 0839 0032 3447 1000 7,Konto Nummer 46-110-7Alternative Bank Der &hellip; <a href=\"https:\/\/gartenstadtgaerten.ch\/?page_id=401\" class=\"more-link\"><span class=\"screen-reader-text\">Spenden<\/span> weiterlesen <span class=\"meta-nav\">&rarr;<\/span><\/a><\/p>\n","protected":false},"author":1,"featured_media":0,"parent":0,"menu_order":0,"comment_status":"closed","ping_status":"closed","template":"","meta":{"footnotes":""},"class_list":["post-401","page","type-page","status-publish","hentry"],"_links":{"self":[{"href":"https:\/\/gartenstadtgaerten.ch\/index.php?rest_route=\/wp\/v2\/pages\/401","targetHints":{"allow":["GET"]}}],"collection":[{"href":"https:\/\/gartenstadtgaerten.ch\/index.php?rest_route=\/wp\/v2\/pages"}],"about":[{"href":"https:\/\/gartenstadtgaerten.ch\/index.php?rest_route=\/wp\/v2\/types\/page"}],"author":[{"embeddable":true,"href":"https:\/\/gartenstadtgaerten.ch\/index.php?rest_route=\/wp\/v2\/users\/1"}],"replies":[{"embeddable":true,"href":"https:\/\/gartenstadtgaerten.ch\/index.php?rest_route=%2Fwp%2Fv2%2Fcomments&post=401"}],"version-history":[{"count":3,"href":"https:\/\/gartenstadtgaerten.ch\/index.php?rest_route=\/wp\/v2\/pages\/401\/revisions"}],"predecessor-version":[{"id":575,"href":"https:\/\/gartenstadtgaerten.ch\/index.php?rest_route=\/wp\/v2\/pages\/401\/revisions\/575"}],"wp:attachment":[{"href":"https:\/\/gartenstadtgaerten.ch\/index.php?rest_route=%2Fwp%2Fv2%2Fmedia&parent=401"}],"curies":[{"name":"wp","href":"https:\/\/api.w.org\/{rel}","templated":true}]}}