{"id":26,"date":"2014-03-22T20:17:45","date_gmt":"2014-03-22T18:17:45","guid":{"rendered":"http:\/\/www.gartenstadtgaerten.ch\/?page_id=26"},"modified":"2023-06-21T15:08:18","modified_gmt":"2023-06-21T15:08:18","slug":"medienspiegel","status":"publish","type":"page","link":"https:\/\/gartenstadtgaerten.ch\/?page_id=26","title":{"rendered":"Medienspiegel"},"content":{"rendered":"\n<p>Kontakt f\u00fcr Medienausk\u00fcnfte: info(at)gartenstadtgaerten.ch<\/p>\n\n\n\n<h2 class=\"wp-block-heading\">Artikel in 8400<\/h2>\n\n\n\n<p><a href=\"https:\/\/gartenstadtgaerten.ch\/wp-content\/uploads\/2023\/06\/altstadtzeitung-nr-146-web-1.pdf\">Artikel in Quartierzeitschrift &#171;8400&#187; M\u00e4rz 2023<\/a><\/p>\n\n\n\n<figure class=\"wp-block-gallery has-nested-images columns-default is-cropped wp-block-gallery-1 is-layout-flex wp-block-gallery-is-layout-flex\"><\/figure>\n\n\n\n<h4 class=\"wp-block-heading\">Artikel in Zeitlupe<\/h4>\n\n\n\n<p><a href=\"https:\/\/gartenstadtgaerten.ch\/wp-content\/uploads\/2022\/09\/Artikel_Zeitlupe.pdf\" data-type=\"attachment\" data-id=\"685\">Artikel in Zeitlupe August 2022<\/a><\/p>\n\n\n\n<h4 class=\"wp-block-heading\">Artikel im Landbote<\/h4>\n\n\n\n<p><a href=\"https:\/\/gartenstadtgaerten.ch\/wp-content\/uploads\/2021\/06\/Artikel-im-Landbote-Januar-2021.pdf\">Artikel in Landbote Januar 2021<\/a><\/p>\n\n\n\n<h4 class=\"wp-block-heading\">Artikel in Sprachrohr<\/h4>\n\n\n\n<p>Quartierzeitung f\u00fcr Winterthur Mattenbach<\/p>\n\n\n\n<p><a href=\"https:\/\/gartenstadtgaerten.ch\/wp-content\/uploads\/2021\/03\/Sprachrohr_2021_01.pdf\">Artikel in Sprachrohr Februar 2021<\/a><br><a href=\"https:\/\/gartenstadtgaerten.ch\/wp-content\/uploads\/2020\/05\/Sprachrohr_2020_05_Corona.pdf\">Artikel in Sprachrohr Mai 2020<\/a><br><a href=\"https:\/\/gartenstadtgaerten.ch\/?attachment_id=509\">Artikel in Sprachrohr September 2018<\/a><br><a href=\"https:\/\/gartenstadtgaerten.ch\/wp-content\/uploads\/2020\/05\/Sprachrohr_2014_09_Stimmen.pdf\">Artikel in Sprachrohr September 2014<\/a><\/p>\n","protected":false},"excerpt":{"rendered":"<p>Kontakt f\u00fcr Medienausk\u00fcnfte: info(at)gartenstadtgaerten.ch Artikel in 8400 Artikel in Quartierzeitschrift &#171;8400&#187; M\u00e4rz 2023 Artikel in Zeitlupe Artikel in Zeitlupe August 2022 Artikel im Landbote Artikel in Landbote Januar 2021 Artikel in Sprachrohr Quartierzeitung f\u00fcr Winterthur Mattenbach Artikel in Sprachrohr Februar 2021Artikel in Sprachrohr Mai 2020Artikel in Sprachrohr September 2018Artikel in Sprachrohr September 2014<\/p>\n","protected":false},"author":1,"featured_media":0,"parent":0,"menu_order":4,"comment_status":"closed","ping_status":"open","template":"","meta":{"footnotes":""},"class_list":["post-26","page","type-page","status-publish","hentry"],"_links":{"self":[{"href":"https:\/\/gartenstadtgaerten.ch\/index.php?rest_route=\/wp\/v2\/pages\/26","targetHints":{"allow":["GET"]}}],"collection":[{"href":"https:\/\/gartenstadtgaerten.ch\/index.php?rest_route=\/wp\/v2\/pages"}],"about":[{"href":"https:\/\/gartenstadtgaerten.ch\/index.php?rest_route=\/wp\/v2\/types\/page"}],"author":[{"embeddable":true,"href":"https:\/\/gartenstadtgaerten.ch\/index.php?rest_route=\/wp\/v2\/users\/1"}],"replies":[{"embeddable":true,"href":"https:\/\/gartenstadtgaerten.ch\/index.php?rest_route=%2Fwp%2Fv2%2Fcomments&post=26"}],"version-history":[{"count":22,"href":"https:\/\/gartenstadtgaerten.ch\/index.php?rest_route=\/wp\/v2\/pages\/26\/revisions"}],"predecessor-version":[{"id":836,"href":"https:\/\/gartenstadtgaerten.ch\/index.php?rest_route=\/wp\/v2\/pages\/26\/revisions\/836"}],"wp:attachment":[{"href":"https:\/\/gartenstadtgaerten.ch\/index.php?rest_route=%2Fwp%2Fv2%2Fmedia&parent=26"}],"curies":[{"name":"wp","href":"https:\/\/api.w.org\/{rel}","templated":true}]}}