{"id":24,"date":"2014-03-22T20:24:51","date_gmt":"2014-03-22T18:24:51","guid":{"rendered":"http:\/\/www.gartenstadtgaerten.ch\/?page_id=24"},"modified":"2023-04-07T08:29:27","modified_gmt":"2023-04-07T08:29:27","slug":"verein","status":"publish","type":"page","link":"https:\/\/gartenstadtgaerten.ch\/?page_id=24","title":{"rendered":"Verein"},"content":{"rendered":"<p>Der Verein gartenstadtgaerten f\u00f6rdert das G\u00e4rtnern in der Stadt Winterthur und der nahen Umgebung.<\/p>\n<p>Zweck:<br \/>&#171;Der gemeinn\u00fctzige Verein \u201egartenstadtg\u00e4rten\u201c f\u00f6rdert die Erzeugung von Lebensmittlen, Kr\u00e4utern, Blumen, Nutz- und Medizinalpflanzen durch die in der Stadt Winterthur und der unmittelbaren Umgebung lebenden Menschen. Dabei sieht sich der Verein den Zielen der lokalen, sozialen und \u00f6kologischen Nachhaltigkeit verpflichtet \u2013 zum Erhalt von Natur, Biodiversit\u00e4t und Menschen hier und anderswo.<\/p>\n<div title=\"Page 1\">\n<div>\n<div>\n<p>Insbesondere intiiert und betreibt der Verein soziokulturelle Gemeinschaftsg\u00e4rten mit dem Schwerpunkt in Permakultur.<\/p>\n<p>Der Verein initiiert eigene Projekte oder unterst\u00fctzt andere Initiativen.<\/p>\n<p><strong>Kontakt<\/strong>: info(at)gartenstadtgaerten.ch<\/p>\n<\/div>\n<\/div>\n<\/div>\n<p><a href=\"https:\/\/gartenstadtgaerten.ch\/wp-content\/uploads\/2020\/11\/20200711_Revidierte-Statuten-3.-Revision-Verein-gartenstadtgaerten.pdf\">Statuten<\/a><\/p>\n<p><img loading=\"lazy\" decoding=\"async\" class=\"alignnone  wp-image-713\" src=\"https:\/\/gartenstadtgaerten.ch\/wp-content\/uploads\/2023\/03\/KuLe_Logo_ZH_RGB_quer_p-1.jpg\" alt=\"\" width=\"186\" height=\"69\" srcset=\"https:\/\/gartenstadtgaerten.ch\/wp-content\/uploads\/2023\/03\/KuLe_Logo_ZH_RGB_quer_p-1.jpg 876w, https:\/\/gartenstadtgaerten.ch\/wp-content\/uploads\/2023\/03\/KuLe_Logo_ZH_RGB_quer_p-1-300x111.jpg 300w, https:\/\/gartenstadtgaerten.ch\/wp-content\/uploads\/2023\/03\/KuLe_Logo_ZH_RGB_quer_p-1-768x285.jpg 768w\" sizes=\"auto, (max-width: 186px) 100vw, 186px\" \/><\/p>\n<p>Der Verein Gartenstadtg\u00e4rten wird unterst\u00fctzt von der Quartierentwicklung Winterthur.<\/p>\n<p><a href=\"http:\/\/www.gartenstadtgaerten.ch\/wp-content\/uploads\/2018\/10\/mime-attachment.png\"><img loading=\"lazy\" decoding=\"async\" class=\"alignnone size-full wp-image-285\" src=\"http:\/\/www.gartenstadtgaerten.ch\/wp-content\/uploads\/2018\/10\/mime-attachment.png\" alt=\"\" width=\"260\" height=\"42\" \/><\/a><img loading=\"lazy\" decoding=\"async\" src=\"https:\/\/www.paypalobjects.com\/de_DE\/i\/scr\/pixel.gif\" alt=\"\" width=\"1\" height=\"1\" border=\"0\" \/><\/p>\n\n<div class=\"wp-block-image\">\n<figure class=\"aligncenter size-medium\"><img loading=\"lazy\" decoding=\"async\" width=\"225\" height=\"300\" src=\"https:\/\/gartenstadtgaerten.ch\/wp-content\/uploads\/2020\/12\/IMG_3809-1-225x300.jpg\" alt=\"\" class=\"wp-image-487\" srcset=\"https:\/\/gartenstadtgaerten.ch\/wp-content\/uploads\/2020\/12\/IMG_3809-1-225x300.jpg 225w, https:\/\/gartenstadtgaerten.ch\/wp-content\/uploads\/2020\/12\/IMG_3809-1-768x1024.jpg 768w, https:\/\/gartenstadtgaerten.ch\/wp-content\/uploads\/2020\/12\/IMG_3809-1-1152x1536.jpg 1152w, https:\/\/gartenstadtgaerten.ch\/wp-content\/uploads\/2020\/12\/IMG_3809-1-1536x2048.jpg 1536w, https:\/\/gartenstadtgaerten.ch\/wp-content\/uploads\/2020\/12\/IMG_3809-1-scaled.jpg 1920w\" sizes=\"auto, (max-width: 225px) 100vw, 225px\" \/><\/figure>\n<\/div>","protected":false},"excerpt":{"rendered":"<p>Der Verein gartenstadtgaerten f\u00f6rdert das G\u00e4rtnern in der Stadt Winterthur und der nahen Umgebung. Zweck:&#171;Der gemeinn\u00fctzige Verein \u201egartenstadtg\u00e4rten\u201c f\u00f6rdert die Erzeugung von Lebensmittlen, Kr\u00e4utern, Blumen, Nutz- und Medizinalpflanzen durch die in der Stadt Winterthur und der unmittelbaren Umgebung lebenden Menschen. Dabei sieht sich der Verein den Zielen der lokalen, sozialen und \u00f6kologischen Nachhaltigkeit verpflichtet \u2013 &hellip; <a href=\"https:\/\/gartenstadtgaerten.ch\/?page_id=24\" class=\"more-link\"><span class=\"screen-reader-text\">Verein<\/span> weiterlesen <span class=\"meta-nav\">&rarr;<\/span><\/a><\/p>\n","protected":false},"author":1,"featured_media":0,"parent":0,"menu_order":1,"comment_status":"closed","ping_status":"open","template":"","meta":{"footnotes":""},"class_list":["post-24","page","type-page","status-publish","hentry"],"_links":{"self":[{"href":"https:\/\/gartenstadtgaerten.ch\/index.php?rest_route=\/wp\/v2\/pages\/24","targetHints":{"allow":["GET"]}}],"collection":[{"href":"https:\/\/gartenstadtgaerten.ch\/index.php?rest_route=\/wp\/v2\/pages"}],"about":[{"href":"https:\/\/gartenstadtgaerten.ch\/index.php?rest_route=\/wp\/v2\/types\/page"}],"author":[{"embeddable":true,"href":"https:\/\/gartenstadtgaerten.ch\/index.php?rest_route=\/wp\/v2\/users\/1"}],"replies":[{"embeddable":true,"href":"https:\/\/gartenstadtgaerten.ch\/index.php?rest_route=%2Fwp%2Fv2%2Fcomments&post=24"}],"version-history":[{"count":6,"href":"https:\/\/gartenstadtgaerten.ch\/index.php?rest_route=\/wp\/v2\/pages\/24\/revisions"}],"predecessor-version":[{"id":717,"href":"https:\/\/gartenstadtgaerten.ch\/index.php?rest_route=\/wp\/v2\/pages\/24\/revisions\/717"}],"wp:attachment":[{"href":"https:\/\/gartenstadtgaerten.ch\/index.php?rest_route=%2Fwp%2Fv2%2Fmedia&parent=24"}],"curies":[{"name":"wp","href":"https:\/\/api.w.org\/{rel}","templated":true}]}}