{"id":192,"date":"2017-06-05T18:09:08","date_gmt":"2017-06-05T16:09:08","guid":{"rendered":"http:\/\/www.gartenstadtgaerten.ch\/?page_id=192"},"modified":"2020-06-05T11:35:02","modified_gmt":"2020-06-05T11:35:02","slug":"spenden-mitglied-werden","status":"publish","type":"page","link":"https:\/\/gartenstadtgaerten.ch\/?page_id=192","title":{"rendered":"Mitglied werden"},"content":{"rendered":"<p>Haben wir dein Interesse geweckt und du \u00fcberlegst dir Mitglied zu werden? Wir empfehlen allen Interessierten unsere G\u00e4rten zu besuchen und ein paar Mal zu schnuppern, bevor du dich definitiv entscheidest. Denn obwohl wir vieles gemeinsam machen und dadurch jeweils grosse Fortschritte erzielt werden, braucht das Hobby G\u00e4rtnern Zeit und Muse. Zudem sollte man sich in der Gruppe wohl f\u00fchlen.<\/p>\n<p>F\u00fcr ein erstes Treffen kannst du uns unter info(at)gartenstadtgaerten.ch oder \u00fcber die jeweiligen Gemeinschaftsg\u00e4rten kontaktieren.<\/p>\n","protected":false},"excerpt":{"rendered":"<p>Haben wir dein Interesse geweckt und du \u00fcberlegst dir Mitglied zu werden? Wir empfehlen allen Interessierten unsere G\u00e4rten zu besuchen und ein paar Mal zu schnuppern, bevor du dich definitiv entscheidest. Denn obwohl wir vieles gemeinsam machen und dadurch jeweils grosse Fortschritte erzielt werden, braucht das Hobby G\u00e4rtnern Zeit und Muse. Zudem sollte man sich &hellip; <a href=\"https:\/\/gartenstadtgaerten.ch\/?page_id=192\" class=\"more-link\"><span class=\"screen-reader-text\">Mitglied werden<\/span> weiterlesen <span class=\"meta-nav\">&rarr;<\/span><\/a><\/p>\n","protected":false},"author":1,"featured_media":0,"parent":0,"menu_order":0,"comment_status":"closed","ping_status":"closed","template":"","meta":{"footnotes":""},"class_list":["post-192","page","type-page","status-publish","hentry"],"_links":{"self":[{"href":"https:\/\/gartenstadtgaerten.ch\/index.php?rest_route=\/wp\/v2\/pages\/192","targetHints":{"allow":["GET"]}}],"collection":[{"href":"https:\/\/gartenstadtgaerten.ch\/index.php?rest_route=\/wp\/v2\/pages"}],"about":[{"href":"https:\/\/gartenstadtgaerten.ch\/index.php?rest_route=\/wp\/v2\/types\/page"}],"author":[{"embeddable":true,"href":"https:\/\/gartenstadtgaerten.ch\/index.php?rest_route=\/wp\/v2\/users\/1"}],"replies":[{"embeddable":true,"href":"https:\/\/gartenstadtgaerten.ch\/index.php?rest_route=%2Fwp%2Fv2%2Fcomments&post=192"}],"version-history":[{"count":5,"href":"https:\/\/gartenstadtgaerten.ch\/index.php?rest_route=\/wp\/v2\/pages\/192\/revisions"}],"predecessor-version":[{"id":494,"href":"https:\/\/gartenstadtgaerten.ch\/index.php?rest_route=\/wp\/v2\/pages\/192\/revisions\/494"}],"wp:attachment":[{"href":"https:\/\/gartenstadtgaerten.ch\/index.php?rest_route=%2Fwp%2Fv2%2Fmedia&parent=192"}],"curies":[{"name":"wp","href":"https:\/\/api.w.org\/{rel}","templated":true}]}}